{"id":10783,"date":"2022-12-24T13:42:01","date_gmt":"2022-12-24T12:42:01","guid":{"rendered":"https:\/\/pikaiptv.net\/?page_id=10783"},"modified":"2022-12-24T14:01:36","modified_gmt":"2022-12-24T13:01:36","slug":"parrainage-iptv","status":"publish","type":"page","link":"https:\/\/pikaiptv.net\/en\/parrainage-iptv\/","title":{"rendered":"Parrainage IPTV"},"content":{"rendered":"<div data-elementor-type=\"wp-page\" data-elementor-id=\"10783\" class=\"elementor elementor-10783\" data-elementor-post-type=\"page\">\n\t\t\t\t\t\t<section class=\"elementor-section elementor-top-section elementor-element elementor-element-6ce896d elementor-section-boxed elementor-section-height-default elementor-section-height-default\" data-id=\"6ce896d\" data-element_type=\"section\" data-e-type=\"section\" data-settings=\"{&quot;ekit_has_onepagescroll_dot&quot;:&quot;yes&quot;}\">\n\t\t\t\t\t\t<div class=\"elementor-container elementor-column-gap-default\">\n\t\t\t\t\t<div class=\"elementor-column elementor-col-100 elementor-top-column elementor-element elementor-element-8b6c5ad\" data-id=\"8b6c5ad\" data-element_type=\"column\" data-e-type=\"column\">\n\t\t\t<div class=\"elementor-widget-wrap elementor-element-populated\">\n\t\t\t\t\t\t<div class=\"elementor-element elementor-element-d8342fe elementor-widget elementor-widget-text-editor\" data-id=\"d8342fe\" data-element_type=\"widget\" data-e-type=\"widget\" data-settings=\"{&quot;ekit_we_effect_on&quot;:&quot;none&quot;}\" data-widget_type=\"text-editor.default\">\n\t\t\t\t<div class=\"elementor-widget-container\">\n\t\t\t\t\t\t\t\t\t<h3>Avec PIKA IPTV vous \u00eates r\u00e9compens\u00e9 lorsque vous parlez de nous\u00a0<\/h3><p>En effet \u00e0 chaque fois que l&rsquo;une de vos connaissance prendra un abonnement IPTV de 12 mois vous b\u00e9n\u00e9ficierez de\u00a0<strong>1 MOIS GRATUIT<\/strong>\u00a0sur votre Abonnement IPTV\u00a0<\/p><h3>Comment faire ?<\/h3><p>Tout simplement, il suffit d&rsquo;\u00eatre abonn\u00e9 \u00e0 un Abonnement\u00a0 IPTV et de nous contactez\u00a0<\/p><p><a href=\"https:\/\/pikaiptv.net\/wp-content\/uploads\/2022\/12\/pika-iptv-parrinage.png\"><img fetchpriority=\"high\" decoding=\"async\" class=\"alignnone size-full wp-image-10786\" src=\"https:\/\/pikaiptv.net\/wp-content\/uploads\/2022\/12\/pika-iptv-parrinage.png\" alt=\"\" width=\"680\" height=\"330\" srcset=\"https:\/\/pikaiptv.net\/wp-content\/uploads\/2022\/12\/pika-iptv-parrinage.png 680w, https:\/\/pikaiptv.net\/wp-content\/uploads\/2022\/12\/pika-iptv-parrinage-18x9.png 18w, https:\/\/pikaiptv.net\/wp-content\/uploads\/2022\/12\/pika-iptv-parrinage-600x291.png 600w\" sizes=\"(max-width: 680px) 100vw, 680px\" \/><\/a><\/p><h3>Etape 1 :\u00a0<\/h3><p>Recommandez nous chez vos connaissances , vos amis ou membres de familles\u00a0<\/p><h3>Etape 2 :\u00a0<\/h3><p>La personne parrain\u00e9 prend un Abonnement IPTV 12 MOIS sur notre site web en mettant dans la note de sa commande l&rsquo;un des \u00e9l\u00e9ments suivantes\u00a0 :\u00a0<\/p><p>\u00a0 &#8211; votre mail\u00a0<\/p><p>\u00a0 &#8211; Votre nom et pr\u00e9nom<\/p><p>\u00a0 &#8211; Votre num\u00e9ro de commande\u00a0<\/p><h3>Etape 3 :\u00a0<\/h3><ul><li>On vous ajoute automatiquement 1 mois gratuit sur votre abonnement\u00a0<\/li><li>vous pouvez parrain\u00e9 une illimit\u00e9 de personne<\/li><\/ul>\t\t\t\t\t\t\t\t<\/div>\n\t\t\t\t<\/div>\n\t\t\t\t\t<\/div>\n\t\t<\/div>\n\t\t\t\t\t<\/div>\n\t\t<\/section>\n\t\t\t\t<\/div>","protected":false},"excerpt":{"rendered":"<p>Avec PIKA IPTV vous \u00eates r\u00e9compens\u00e9 lorsque vous parlez de nous\u00a0 En effet \u00e0 chaque fois que l&rsquo;une de vos connaissance prendra un abonnement IPTV de 12 mois vous b\u00e9n\u00e9ficierez de\u00a01 MOIS GRATUIT\u00a0sur votre Abonnement IPTV\u00a0 Comment faire ? Tout simplement, il suffit d&rsquo;\u00eatre abonn\u00e9 \u00e0 un Abonnement\u00a0 IPTV et de nous contactez\u00a0 Etape 1<\/p>","protected":false},"author":1,"featured_media":0,"parent":0,"menu_order":0,"comment_status":"closed","ping_status":"closed","template":"","meta":{"footnotes":""},"class_list":["post-10783","page","type-page","status-publish","hentry"],"_links":{"self":[{"href":"https:\/\/pikaiptv.net\/en\/wp-json\/wp\/v2\/pages\/10783","targetHints":{"allow":["GET"]}}],"collection":[{"href":"https:\/\/pikaiptv.net\/en\/wp-json\/wp\/v2\/pages"}],"about":[{"href":"https:\/\/pikaiptv.net\/en\/wp-json\/wp\/v2\/types\/page"}],"author":[{"embeddable":true,"href":"https:\/\/pikaiptv.net\/en\/wp-json\/wp\/v2\/users\/1"}],"replies":[{"embeddable":true,"href":"https:\/\/pikaiptv.net\/en\/wp-json\/wp\/v2\/comments?post=10783"}],"version-history":[{"count":0,"href":"https:\/\/pikaiptv.net\/en\/wp-json\/wp\/v2\/pages\/10783\/revisions"}],"wp:attachment":[{"href":"https:\/\/pikaiptv.net\/en\/wp-json\/wp\/v2\/media?parent=10783"}],"curies":[{"name":"wp","href":"https:\/\/api.w.org\/{rel}","templated":true}]}}